{"id":1055,"date":"2017-01-14T21:01:40","date_gmt":"2017-01-14T20:01:40","guid":{"rendered":"https:\/\/www.gmv-lohr.de\/?page_id=1055"},"modified":"2025-03-28T10:50:47","modified_gmt":"2025-03-28T09:50:47","slug":"aufnahmeantrag","status":"publish","type":"page","link":"https:\/\/gmv-lohr.de\/index.php\/aufnahmeantrag\/","title":{"rendered":"Aufnahmeantrag"},"content":{"rendered":"<p>&nbsp;<\/p>\n<p><strong>Wir freuen uns SEHR, wenn Sie dem Verein beitreten.<\/strong><\/p>\n<p>F\u00fcr Sch\u00fcler, Studenten, Auszubildende und Erwerbslose bieten wir einen erm\u00e4\u00dfigten Beitrag an.<\/p>\n<p><a href=\"https:\/\/www.gmv-lohr.de\/wp-content\/uploads\/2017\/01\/AUFNAHMEANTRAG-1.pdf\">AUFNAHMEANTRAG<\/a><br \/>\nBitte senden Sie den unterschriebenen Antrag per Post an:<br \/>\nGeschichts- und Museumsverein Lohr a. Main e. V.<br \/>\nDr. Wolfgang Vorwerk, 1. Vorsitzender<br \/>\nBulthauptstra\u00dfe 36<br \/>\n28209 Bremen<\/p>\n<p>Oder unterschrieben und gescannt an\u00a0Vorwerk.W.@gmail.com<\/p>\n<p>Besten Dank!<\/p>\n","protected":false},"excerpt":{"rendered":"<p>&nbsp; Wir freuen uns SEHR, wenn Sie dem Verein beitreten. F\u00fcr Sch\u00fcler, Studenten, Auszubildende und Erwerbslose bieten wir einen erm\u00e4\u00dfigten Beitrag an. AUFNAHMEANTRAG Bitte senden Sie den unterschriebenen Antrag per Post an: Geschichts- und Museumsverein Lohr a. Main e. V. Dr. Wolfgang Vorwerk, 1. Vorsitzender Bulthauptstra\u00dfe 36 28209 Bremen Oder unterschrieben und gescannt an\u00a0Vorwerk.W.@gmail.com Besten [&hellip;]<\/p>\n","protected":false},"author":1,"featured_media":0,"parent":0,"menu_order":0,"comment_status":"closed","ping_status":"closed","template":"","meta":{"footnotes":""},"_links":{"self":[{"href":"https:\/\/gmv-lohr.de\/index.php\/wp-json\/wp\/v2\/pages\/1055"}],"collection":[{"href":"https:\/\/gmv-lohr.de\/index.php\/wp-json\/wp\/v2\/pages"}],"about":[{"href":"https:\/\/gmv-lohr.de\/index.php\/wp-json\/wp\/v2\/types\/page"}],"author":[{"embeddable":true,"href":"https:\/\/gmv-lohr.de\/index.php\/wp-json\/wp\/v2\/users\/1"}],"replies":[{"embeddable":true,"href":"https:\/\/gmv-lohr.de\/index.php\/wp-json\/wp\/v2\/comments?post=1055"}],"version-history":[{"count":17,"href":"https:\/\/gmv-lohr.de\/index.php\/wp-json\/wp\/v2\/pages\/1055\/revisions"}],"predecessor-version":[{"id":2464,"href":"https:\/\/gmv-lohr.de\/index.php\/wp-json\/wp\/v2\/pages\/1055\/revisions\/2464"}],"wp:attachment":[{"href":"https:\/\/gmv-lohr.de\/index.php\/wp-json\/wp\/v2\/media?parent=1055"}],"curies":[{"name":"wp","href":"https:\/\/api.w.org\/{rel}","templated":true}]}}