{"id":125,"date":"2016-12-29T15:56:33","date_gmt":"2016-12-29T14:56:33","guid":{"rendered":"https:\/\/www.gmv-lohr.de\/?page_id=125"},"modified":"2026-04-19T12:38:15","modified_gmt":"2026-04-19T10:38:15","slug":"kontakt","status":"publish","type":"page","link":"https:\/\/gmv-lohr.de\/index.php\/kontakt\/","title":{"rendered":"Kontakt"},"content":{"rendered":"<p>Bei Anfragen und mit Vorschl\u00e4gen wenden Sie sich bitte mit einer Mail an:<br \/>\n<a><br \/>\n<\/a><a><br \/>\n<\/a><strong><a href=\"mailto:WolfgangVorwerk@gmv-lohr.de\">Vorwerk.W@gmail.com<\/a><\/strong><\/p>\n<p>oder:<\/p>\n<p><a href=\"mailto:TheodorRuf@gmv-lohr.de\"><strong>TheodorRuf@t-online.de<\/strong><\/a><\/p>\n<p><a><br \/>\n<span style=\"color: #000000;\">Wir freuen uns sehr \u00fcber Ihr Interesse und Ihre Mitarbeit.<\/span><br \/>\n<\/a><span style=\"color: #000000;\"><a style=\"color: #000000;\"><br \/>\nEine Antwort geht Ihnen schnellstm\u00f6glich zu.<\/a><\/span><\/p>\n","protected":false},"excerpt":{"rendered":"<p>Bei Anfragen und mit Vorschl\u00e4gen wenden Sie sich bitte mit einer Mail an: Vorwerk.W@gmail.com oder: TheodorRuf@t-online.de Wir freuen uns sehr \u00fcber Ihr Interesse und Ihre Mitarbeit. Eine Antwort geht Ihnen schnellstm\u00f6glich zu.<\/p>\n","protected":false},"author":1,"featured_media":0,"parent":0,"menu_order":0,"comment_status":"closed","ping_status":"closed","template":"","meta":{"footnotes":""},"_links":{"self":[{"href":"https:\/\/gmv-lohr.de\/index.php\/wp-json\/wp\/v2\/pages\/125"}],"collection":[{"href":"https:\/\/gmv-lohr.de\/index.php\/wp-json\/wp\/v2\/pages"}],"about":[{"href":"https:\/\/gmv-lohr.de\/index.php\/wp-json\/wp\/v2\/types\/page"}],"author":[{"embeddable":true,"href":"https:\/\/gmv-lohr.de\/index.php\/wp-json\/wp\/v2\/users\/1"}],"replies":[{"embeddable":true,"href":"https:\/\/gmv-lohr.de\/index.php\/wp-json\/wp\/v2\/comments?post=125"}],"version-history":[{"count":15,"href":"https:\/\/gmv-lohr.de\/index.php\/wp-json\/wp\/v2\/pages\/125\/revisions"}],"predecessor-version":[{"id":2534,"href":"https:\/\/gmv-lohr.de\/index.php\/wp-json\/wp\/v2\/pages\/125\/revisions\/2534"}],"wp:attachment":[{"href":"https:\/\/gmv-lohr.de\/index.php\/wp-json\/wp\/v2\/media?parent=125"}],"curies":[{"name":"wp","href":"https:\/\/api.w.org\/{rel}","templated":true}]}}