{"id":131,"date":"2016-12-29T15:57:05","date_gmt":"2016-12-29T14:57:05","guid":{"rendered":"https:\/\/www.gmv-lohr.de\/?page_id=131"},"modified":"2023-06-08T11:51:15","modified_gmt":"2023-06-08T09:51:15","slug":"archivpfleger","status":"publish","type":"page","link":"https:\/\/gmv-lohr.de\/index.php\/stadtarchiv\/archivpfleger\/","title":{"rendered":"Archivpfleger"},"content":{"rendered":"<h3><strong>Die kommunalen Archivpfleger:<\/strong><\/h3>\n<p>In Bayern werden f\u00fcr jeden Landkreis ein oder sogar mehrere ehrenamtlich t\u00e4tige Archivpfleger bestellt. Durch Bestellungsurkunde und Dienstausweis wird ihre offizielle Funktion unterstrichen. Die Zust\u00e4ndigkeit erstreckt sich auf alle Kommunalarchive ihres Sprengels, die nicht von Facharchivaren oder hauptamtlich geleitet werden. Sie beraten die Gemeinden in allen Fragen des kommunalen Archivwesens, so insbesondere dann, wenn<\/p>\n<ul>\n<li>Archivordnungen oder Ben\u00fctzungsregelungen vorbereitet werden,<\/li>\n<li>Mitarbeiter mit der Ordnung oder Betreuung des Gemeindearchivs beauftragt werden,<\/li>\n<li>Archivr\u00e4ume geschaffen oder eingerichtet werden,<\/li>\n<li>entbehrliche Unterlagen ausgesondert werden und \u00fcber deren Archivierung oder Vernichtung zu entscheiden ist,<\/li>\n<li>Grunds\u00e4tze der Erschlie\u00dfung von Unterlagen aufgestellt werden sollen.<\/li>\n<\/ul>\n<p>Die Archivpfleger besuchen die Gemeinden in regelm\u00e4\u00dfigen Abst\u00e4nden und er\u00f6rtern dabei alle mit dem Archiv zusammenh\u00e4ngenden Probleme. \u00dcber die vor Ort gewonnenen Erkenntnisse berichten sie dem zust\u00e4ndigen Staatsarchiv.<\/p>\n<p>&nbsp;<\/p>\n<h3><strong>F\u00fcr den Landkreis Main-Spessart sind dies:<\/strong><\/h3>\n<p>Sprengel Gem\u00fcnden:<br \/>\nWerner Fella, Rh\u00f6nweg 20, 97737 Gem\u00fcnden, 09351\/3123<br \/>\nE-Mail: <a href=\"mailto:werner-fella@t-online.de\" target=\"_blank\" rel=\"noopener\">werner-fella@t-online.de<\/a><\/p>\n<p>Sprengel Karlstadt:<br \/>\nGernot Hilbert, Ringstra\u00dfe 2, 97225 Zellingen<br \/>\n09364\/8938<br \/>\nE-Mail: <a href=\"mailto:ghilbert@hrb.de\" target=\"_blank\" rel=\"noopener\">ghilbert@hrb.de<\/a><\/p>\n<p>Sprengel Lohr (au\u00dfer Stadt Lohr; hier: Josef Harth (siehe unter Kontakt Stadtarchiv)<br \/>\nGabriele Peter, Zur Seewiese 2, 97851 Rothenfels<br \/>\n09393 1210<br \/>\nE-Mail: <a href=\"mailto:gabrielepeter@gmx.net\" target=\"_blank\" rel=\"noopener\">gabrielepeter@gmx.net<\/a><\/p>\n<p>Sprengel Marktheidenfeld:<br \/>\nDr. Leonhard Scherg, Am Hollerbusch 12, 97828 Marktheidenfeld<br \/>\nMobil: 0049(0)1719717753<br \/>\nE-Mail: <a href=\"mailto:leonhard.scherg@bnmsp.de\" target=\"_blank\" rel=\"noopener\">leonhard.scherg@bnmsp.de<\/a><\/p>\n","protected":false},"excerpt":{"rendered":"<p>Die kommunalen Archivpfleger: In Bayern werden f\u00fcr jeden Landkreis ein oder sogar mehrere ehrenamtlich t\u00e4tige Archivpfleger bestellt. Durch Bestellungsurkunde und Dienstausweis wird ihre offizielle Funktion unterstrichen. Die Zust\u00e4ndigkeit erstreckt sich auf alle Kommunalarchive ihres Sprengels, die nicht von Facharchivaren oder hauptamtlich geleitet werden. Sie beraten die Gemeinden in allen Fragen des kommunalen Archivwesens, so insbesondere [&hellip;]<\/p>\n","protected":false},"author":1,"featured_media":0,"parent":123,"menu_order":0,"comment_status":"closed","ping_status":"closed","template":"","meta":{"footnotes":""},"_links":{"self":[{"href":"https:\/\/gmv-lohr.de\/index.php\/wp-json\/wp\/v2\/pages\/131"}],"collection":[{"href":"https:\/\/gmv-lohr.de\/index.php\/wp-json\/wp\/v2\/pages"}],"about":[{"href":"https:\/\/gmv-lohr.de\/index.php\/wp-json\/wp\/v2\/types\/page"}],"author":[{"embeddable":true,"href":"https:\/\/gmv-lohr.de\/index.php\/wp-json\/wp\/v2\/users\/1"}],"replies":[{"embeddable":true,"href":"https:\/\/gmv-lohr.de\/index.php\/wp-json\/wp\/v2\/comments?post=131"}],"version-history":[{"count":17,"href":"https:\/\/gmv-lohr.de\/index.php\/wp-json\/wp\/v2\/pages\/131\/revisions"}],"predecessor-version":[{"id":2300,"href":"https:\/\/gmv-lohr.de\/index.php\/wp-json\/wp\/v2\/pages\/131\/revisions\/2300"}],"up":[{"embeddable":true,"href":"https:\/\/gmv-lohr.de\/index.php\/wp-json\/wp\/v2\/pages\/123"}],"wp:attachment":[{"href":"https:\/\/gmv-lohr.de\/index.php\/wp-json\/wp\/v2\/media?parent=131"}],"curies":[{"name":"wp","href":"https:\/\/api.w.org\/{rel}","templated":true}]}}