{"id":136,"date":"2016-12-29T16:02:37","date_gmt":"2016-12-29T15:02:37","guid":{"rendered":"https:\/\/www.gmv-lohr.de\/?page_id=136"},"modified":"2024-06-02T18:51:01","modified_gmt":"2024-06-02T16:51:01","slug":"das-spessartmuseum","status":"publish","type":"page","link":"https:\/\/gmv-lohr.de\/index.php\/spessartmuseum\/das-spessartmuseum\/","title":{"rendered":"Das Spessartmuseum"},"content":{"rendered":"<p>Das Spessartmuseum bietet interessante Einblicke in die Regionalgeschichte, von der Steinzeit bis zur Moderne.<\/p>\n<p>Es freut sich auf Ihren Besuch! <a href=\"http:\/\/www.spessartmuseum.de\">Mehr Informationen<\/a><\/p>\n<p>&nbsp;<\/p>\n<p><strong>Anschrift<br \/>\n<\/strong><br \/>\nSchlo\u00dfplatz 1<br \/>\nD-97816 Lohr a. Main<\/p>\n<p>&nbsp;<\/p>\n<p><strong>Kontakt<\/strong><\/p>\n<p>Telefon: 09353 \/ 793-2399<br \/>\nTelefax: 09353 \/ 793-2900<br \/>\n<a href=\"mailto:Spessartmuseum@Lramsp.de\">Spessartmuseum@Lramsp.de<\/a><br \/>\n<a href=\"http:\/\/www.spessartmuseum.de\">www.Spessartmuseum.de<\/a><\/p>\n<p>Erwachsene 3,00 \u20ac<br \/>\nErm\u00e4\u00dfigt (Sch\u00fcler*innen, Student*innen, &#8230; ) 2,00 \u20ac<br \/>\nKinder unter 6 Jahren sind frei.<br \/>\nGruppen ab 10 Personen zahlen den erm\u00e4\u00dfigten Eintrittspreis<\/p>\n<p>F\u00fcr Schulen, Kinderg\u00e4rten und soziale Einrichtungen aus dem Landkreis Main-Spessart gelten gesonderte Bedingungen.<\/p>\n<p>Bitte beachten Sie, dass ausschlie\u00dflich mit Bargeld bezahlt werden kann.<\/p>\n<p>&nbsp;<\/p>\n<p><strong>\u00d6ffnungszeiten und Eintrittspreise<\/strong><\/p>\n<p>Dienstag bis Samstag:<br \/>\n10 \u2013 16 Uhr<\/p>\n<p>Sonn- und Feiertage:<br \/>\n10 &#8211; 17 Uhr<\/p>\n<p>Hl. Abend geschlossen<\/p>\n<p>Erwachsene 3,00 \u20ac<br \/>\nErm\u00e4\u00dfigt (Sch\u00fcler*innen, Student*innen, &#8230; ) 2,00 \u20ac<br \/>\nKinder unter 6 Jahren sind frei.<br \/>\nGruppen ab 10 Personen zahlen den erm\u00e4\u00dfigten Eintrittspreis<\/p>\n<p>F\u00fcr Schulen, Kinderg\u00e4rten und soziale Einrichtungen aus dem Landkreis Main-Spessart gelten gesonderte Bedingungen.<\/p>\n<p>Bitte beachten Sie, dass ausschlie\u00dflich mit Bargeld bezahlt werden kann.<\/p>\n<p>&nbsp;<\/p>\n","protected":false},"excerpt":{"rendered":"<p>Das Spessartmuseum bietet interessante Einblicke in die Regionalgeschichte, von der Steinzeit bis zur Moderne. Es freut sich auf Ihren Besuch! Mehr Informationen &nbsp; Anschrift Schlo\u00dfplatz 1 D-97816 Lohr a. Main &nbsp; Kontakt Telefon: 09353 \/ 793-2399 Telefax: 09353 \/ 793-2900 Spessartmuseum@Lramsp.de www.Spessartmuseum.de Erwachsene 3,00 \u20ac Erm\u00e4\u00dfigt (Sch\u00fcler*innen, Student*innen, &#8230; ) 2,00 \u20ac Kinder unter 6 [&hellip;]<\/p>\n","protected":false},"author":1,"featured_media":0,"parent":134,"menu_order":0,"comment_status":"closed","ping_status":"closed","template":"","meta":{"footnotes":""},"_links":{"self":[{"href":"https:\/\/gmv-lohr.de\/index.php\/wp-json\/wp\/v2\/pages\/136"}],"collection":[{"href":"https:\/\/gmv-lohr.de\/index.php\/wp-json\/wp\/v2\/pages"}],"about":[{"href":"https:\/\/gmv-lohr.de\/index.php\/wp-json\/wp\/v2\/types\/page"}],"author":[{"embeddable":true,"href":"https:\/\/gmv-lohr.de\/index.php\/wp-json\/wp\/v2\/users\/1"}],"replies":[{"embeddable":true,"href":"https:\/\/gmv-lohr.de\/index.php\/wp-json\/wp\/v2\/comments?post=136"}],"version-history":[{"count":8,"href":"https:\/\/gmv-lohr.de\/index.php\/wp-json\/wp\/v2\/pages\/136\/revisions"}],"predecessor-version":[{"id":2390,"href":"https:\/\/gmv-lohr.de\/index.php\/wp-json\/wp\/v2\/pages\/136\/revisions\/2390"}],"up":[{"embeddable":true,"href":"https:\/\/gmv-lohr.de\/index.php\/wp-json\/wp\/v2\/pages\/134"}],"wp:attachment":[{"href":"https:\/\/gmv-lohr.de\/index.php\/wp-json\/wp\/v2\/media?parent=136"}],"curies":[{"name":"wp","href":"https:\/\/api.w.org\/{rel}","templated":true}]}}