{"id":148,"date":"2016-12-29T16:03:43","date_gmt":"2016-12-29T15:03:43","guid":{"rendered":"https:\/\/www.gmv-lohr.de\/?page_id=148"},"modified":"2023-06-08T11:51:15","modified_gmt":"2023-06-08T09:51:15","slug":"stadtgeschichte","status":"publish","type":"page","link":"https:\/\/gmv-lohr.de\/index.php\/stadtgeschichte\/","title":{"rendered":"Stadt- und Regionalgeschichte"},"content":{"rendered":"<p><img loading=\"lazy\" decoding=\"async\" class=\"size-large wp-image-621 aligncenter\" style=\"max-width: 100%; width: auto; height: auto;\" src=\"https:\/\/www.gmv-lohr.de\/wp-content\/uploads\/2016\/12\/Lohr-um-1550-1024x683.jpg\" alt=\"\" width=\"1024\" height=\"683\" srcset=\"https:\/\/gmv-lohr.de\/wp-content\/uploads\/2016\/12\/Lohr-um-1550-1024x683.jpg 1024w, https:\/\/gmv-lohr.de\/wp-content\/uploads\/2016\/12\/Lohr-um-1550-300x200.jpg 300w, https:\/\/gmv-lohr.de\/wp-content\/uploads\/2016\/12\/Lohr-um-1550-768x512.jpg 768w, https:\/\/gmv-lohr.de\/wp-content\/uploads\/2016\/12\/Lohr-um-1550.jpg 1800w\" sizes=\"(max-width: 1024px) 100vw, 1024px\" \/><\/p>\n<h6 style=\"text-align: center;\">Lohr um 1550, \u00e4lteste erhaltene Abbildung, StA W\u00fcrzburg, Mainzer Risse und Pl\u00e4ne XI\/54 (Ausschnitt)<\/h6>\n","protected":false},"excerpt":{"rendered":"<p>Lohr um 1550, \u00e4lteste erhaltene Abbildung, StA W\u00fcrzburg, Mainzer Risse und Pl\u00e4ne XI\/54 (Ausschnitt)<\/p>\n","protected":false},"author":1,"featured_media":0,"parent":0,"menu_order":0,"comment_status":"closed","ping_status":"closed","template":"","meta":{"footnotes":""},"_links":{"self":[{"href":"https:\/\/gmv-lohr.de\/index.php\/wp-json\/wp\/v2\/pages\/148"}],"collection":[{"href":"https:\/\/gmv-lohr.de\/index.php\/wp-json\/wp\/v2\/pages"}],"about":[{"href":"https:\/\/gmv-lohr.de\/index.php\/wp-json\/wp\/v2\/types\/page"}],"author":[{"embeddable":true,"href":"https:\/\/gmv-lohr.de\/index.php\/wp-json\/wp\/v2\/users\/1"}],"replies":[{"embeddable":true,"href":"https:\/\/gmv-lohr.de\/index.php\/wp-json\/wp\/v2\/comments?post=148"}],"version-history":[{"count":12,"href":"https:\/\/gmv-lohr.de\/index.php\/wp-json\/wp\/v2\/pages\/148\/revisions"}],"predecessor-version":[{"id":1592,"href":"https:\/\/gmv-lohr.de\/index.php\/wp-json\/wp\/v2\/pages\/148\/revisions\/1592"}],"wp:attachment":[{"href":"https:\/\/gmv-lohr.de\/index.php\/wp-json\/wp\/v2\/media?parent=148"}],"curies":[{"name":"wp","href":"https:\/\/api.w.org\/{rel}","templated":true}]}}