{"id":150,"date":"2016-12-29T16:03:55","date_gmt":"2016-12-29T15:03:55","guid":{"rendered":"https:\/\/www.gmv-lohr.de\/?page_id=150"},"modified":"2023-06-08T11:51:05","modified_gmt":"2023-06-08T09:51:05","slug":"geschichte-lohrs-kurzgefasst","status":"publish","type":"page","link":"https:\/\/gmv-lohr.de\/index.php\/stadtgeschichte\/geschichte-lohrs-kurzgefasst\/","title":{"rendered":"Geschichte Lohrs kurzgefasst"},"content":{"rendered":"<p><strong>Dieser \u00dcberblick stammt (leicht ver\u00e4ndert) aus dem Stadtf\u00fchrer von Josef G. Harth<\/strong>:<\/p>\n<p>&nbsp;<\/p>\n<div id=\"inlinePDF\"><\/div>\n<p><script type=\"text\/javascript\">\n  if ($(window).width() >= 430) { \n    $('#inlinePDF').html('<object data=\"https:\/\/www.gmv-lohr.de\/wp-content\/uploads\/2017\/01\/\u00dcberblick-Stadtgeschichte.pdf\"type=\"application\/pdf\" style=\"max-width: 100%; width: 100%;height: 800px; \"><embed src=\"https:\/\/www.gmv-lohr.de\/wp-content\/uploads\/2017\/01\/\u00dcberblick-Stadtgeschichte.pdf\"><p>Fehler bei der Darstellung: Ihr Browser unterst\u00fctzt keine inline-PDFs. Bitte \u00f6ffnen Sie die Datei in einem neuen Tab: <a href=\"https:\/\/www.gmv-lohr.de\/wp-content\/uploads\/2017\/01\/\u00dcberblick-Stadtgeschichte.pdf\">PDF anzeigen<\/a>.<\/p><\/embed><\/object>');\n  } else { \n    $('#inlinePDF').html('Ihr Browserfenster ist zu klein, um die PDF-Datei inline anzeigen zu k\u00f6nnen. Bitte \u00f6ffnen Sie die Datei per Hand: <a href=\"https:\/\/www.gmv-lohr.de\/wp-content\/uploads\/2017\/01\/\u00dcberblick-Stadtgeschichte.pdf\">PDF anzeigen<\/a>.');\n  }  \n<\/script><br \/>\n<noscript><\/p>\n<p>Ihr Browser unterst\u00fctzt keine inline-PDFs. Bitte \u00f6ffnen Sie die Datei per Hand: <a href=\"https:\/\/www.gmv-lohr.de\/wp-content\/uploads\/2017\/01\/\u00dcberblick-Stadtgeschichte.pdf\">PDF anzeigen<\/a>.<\/p>\n<p><\/noscript><\/p>\n","protected":false},"excerpt":{"rendered":"<p>Dieser \u00dcberblick stammt (leicht ver\u00e4ndert) aus dem Stadtf\u00fchrer von Josef G. Harth: &nbsp; Ihr Browser unterst\u00fctzt keine inline-PDFs. Bitte \u00f6ffnen Sie die Datei per Hand: PDF anzeigen.<\/p>\n","protected":false},"author":1,"featured_media":0,"parent":148,"menu_order":0,"comment_status":"closed","ping_status":"closed","template":"","meta":{"footnotes":""},"_links":{"self":[{"href":"https:\/\/gmv-lohr.de\/index.php\/wp-json\/wp\/v2\/pages\/150"}],"collection":[{"href":"https:\/\/gmv-lohr.de\/index.php\/wp-json\/wp\/v2\/pages"}],"about":[{"href":"https:\/\/gmv-lohr.de\/index.php\/wp-json\/wp\/v2\/types\/page"}],"author":[{"embeddable":true,"href":"https:\/\/gmv-lohr.de\/index.php\/wp-json\/wp\/v2\/users\/1"}],"replies":[{"embeddable":true,"href":"https:\/\/gmv-lohr.de\/index.php\/wp-json\/wp\/v2\/comments?post=150"}],"version-history":[{"count":13,"href":"https:\/\/gmv-lohr.de\/index.php\/wp-json\/wp\/v2\/pages\/150\/revisions"}],"predecessor-version":[{"id":1248,"href":"https:\/\/gmv-lohr.de\/index.php\/wp-json\/wp\/v2\/pages\/150\/revisions\/1248"}],"up":[{"embeddable":true,"href":"https:\/\/gmv-lohr.de\/index.php\/wp-json\/wp\/v2\/pages\/148"}],"wp:attachment":[{"href":"https:\/\/gmv-lohr.de\/index.php\/wp-json\/wp\/v2\/media?parent=150"}],"curies":[{"name":"wp","href":"https:\/\/api.w.org\/{rel}","templated":true}]}}