{"id":1587,"date":"2018-02-25T14:14:28","date_gmt":"2018-02-25T13:14:28","guid":{"rendered":"https:\/\/www.gmv-lohr.de\/?page_id=1587"},"modified":"2024-06-02T17:53:00","modified_gmt":"2024-06-02T15:53:00","slug":"quellen-zur-sozialgeschichte-der-fruehen-neuzeit","status":"publish","type":"page","link":"https:\/\/gmv-lohr.de\/index.php\/stadtgeschichte\/quellen-zur-sozialgeschichte-der-fruehen-neuzeit\/","title":{"rendered":"Quellen zur Sozialgeschichte der Fr\u00fchen Neuzeit"},"content":{"rendered":"<p><strong>Hier k\u00f6nnen in Form von Excel-Tabellen Quellen ver\u00f6ffentlicht werden, i. d. R. Abgabenverzeichnisse, die umfangreiches und individuell bearbeitbares Material zur Sozialgeschichte der Region bieten. Allerdings muss sich erst noch ein Bearbeiter \/ eine Bearbeiterin finden. Unterlagen finden sich in den Best\u00e4nden zur Lohrer Geschichte aus der Sammlung von Dr. Theodor Ruf, die vom Arch\u00e4ologischen Spessartprojekt in Aschaffenburg verwaltet werden.<\/strong><\/p>\n","protected":false},"excerpt":{"rendered":"<p>Hier k\u00f6nnen in Form von Excel-Tabellen Quellen ver\u00f6ffentlicht werden, i. d. R. Abgabenverzeichnisse, die umfangreiches und individuell bearbeitbares Material zur Sozialgeschichte der Region bieten. Allerdings muss sich erst noch ein Bearbeiter \/ eine Bearbeiterin finden. Unterlagen finden sich in den Best\u00e4nden zur Lohrer Geschichte aus der Sammlung von Dr. Theodor Ruf, die vom Arch\u00e4ologischen Spessartprojekt [&hellip;]<\/p>\n","protected":false},"author":1,"featured_media":0,"parent":148,"menu_order":0,"comment_status":"closed","ping_status":"closed","template":"","meta":{"footnotes":""},"_links":{"self":[{"href":"https:\/\/gmv-lohr.de\/index.php\/wp-json\/wp\/v2\/pages\/1587"}],"collection":[{"href":"https:\/\/gmv-lohr.de\/index.php\/wp-json\/wp\/v2\/pages"}],"about":[{"href":"https:\/\/gmv-lohr.de\/index.php\/wp-json\/wp\/v2\/types\/page"}],"author":[{"embeddable":true,"href":"https:\/\/gmv-lohr.de\/index.php\/wp-json\/wp\/v2\/users\/1"}],"replies":[{"embeddable":true,"href":"https:\/\/gmv-lohr.de\/index.php\/wp-json\/wp\/v2\/comments?post=1587"}],"version-history":[{"count":4,"href":"https:\/\/gmv-lohr.de\/index.php\/wp-json\/wp\/v2\/pages\/1587\/revisions"}],"predecessor-version":[{"id":2376,"href":"https:\/\/gmv-lohr.de\/index.php\/wp-json\/wp\/v2\/pages\/1587\/revisions\/2376"}],"up":[{"embeddable":true,"href":"https:\/\/gmv-lohr.de\/index.php\/wp-json\/wp\/v2\/pages\/148"}],"wp:attachment":[{"href":"https:\/\/gmv-lohr.de\/index.php\/wp-json\/wp\/v2\/media?parent=1587"}],"curies":[{"name":"wp","href":"https:\/\/api.w.org\/{rel}","templated":true}]}}