{"id":162,"date":"2016-12-29T16:06:17","date_gmt":"2016-12-29T15:06:17","guid":{"rendered":"https:\/\/www.gmv-lohr.de\/?page_id=162"},"modified":"2024-06-02T18:10:22","modified_gmt":"2024-06-02T16:10:22","slug":"kreisheimatpfleger","status":"publish","type":"page","link":"https:\/\/gmv-lohr.de\/index.php\/kreisheimatpflege\/kreisheimatpfleger\/","title":{"rendered":"Kreisheimatpfleger"},"content":{"rendered":"<p>&nbsp;<\/p>\n<p><strong>Die Kreisheimatpfleger im Landkreis Main-Spessart haben ihre Arbeit auf der Basis der Altlandkreise aufgeteilt; damit sind sie auch f\u00fcr die jeweiligen St\u00e4dte zust\u00e4ndig:<\/strong><\/p>\n<p><strong>Altlandkreis Gem\u00fcnden:<\/strong><br \/>\nBruno Schneider<br \/>\n<a href=\"mailto:Bruno-Schneider.1953@freenet.de\">Bruno-Schneider.1953@freenet.de<\/a><\/p>\n<p><strong>Altlandkreis Karlstadt:<\/strong><br \/>\nGeorg B\u00fcttner<br \/>\n<a href=\"mailto:G.Buettner-Karlstadt@t-online.de\">G.Buettner-Karlstadt@t-online.de<\/a><\/p>\n<p><strong>Altlandkreis Lohr:<\/strong><br \/>\nDr. Theodor Ruf<br \/>\n<a href=\"mailto:TheodorRuf@t-online.de\">TheodorRuf@t-online.de<\/a><\/p>\n<p><strong>Altlandkreis Marktheidenfeld:<\/strong><br \/>\nPaul Diener<br \/>\n<a href=\"mailto:paul.diener55@gmx.de\">paul.diener55@gmx.de<\/a><\/p>\n<p>&nbsp;<\/p>\n<h2><strong>Die neue Richtlinie findet sich unter:\u00a0<a href=\"https:\/\/www.gesetze-bayern.de\/Content\/Document\/BayVV_2244_F_11644\/true\">https:\/\/www.gesetze-bayern.de\/Content\/Document\/BayVV_2244_F_11644\/true<\/a><\/strong><\/h2>\n<p>Weitere Adressen \u00fcber den Bayerischen Landesverein f\u00fcr Heimatpflege (s. u.)<\/p>\n<p>Was im Gesetz steht, ist alles sehr sch\u00f6n gesagt, und es ist auch sehr berechtigt. Es erfordert von allen Beteiligten ein hohes Ma\u00df an Engagement, und es braucht eine intensive Kommunikation. Damit die Kreisheimatpfleger ihre Aufgabe erf\u00fcllen k\u00f6nnen, m\u00fcssen Kommunen, Institutionen und Privatleute an sie herantreten, und sie selbst m\u00fcssen sich an alle wenden, denen sie helfen sollen und k\u00f6nnen. Ich w\u00fcnsche mir f\u00fcr die Zukunft, zusammen mit meinen Kolleginnen und Kollegen zum Wohle der Heimat vielfach t\u00e4tig zu sein.<\/p>\n<p><em>Theodor Ruf<\/em><\/p>\n","protected":false},"excerpt":{"rendered":"<p>&nbsp; Die Kreisheimatpfleger im Landkreis Main-Spessart haben ihre Arbeit auf der Basis der Altlandkreise aufgeteilt; damit sind sie auch f\u00fcr die jeweiligen St\u00e4dte zust\u00e4ndig: Altlandkreis Gem\u00fcnden: Bruno Schneider Bruno-Schneider.1953@freenet.de Altlandkreis Karlstadt: Georg B\u00fcttner G.Buettner-Karlstadt@t-online.de Altlandkreis Lohr: Dr. Theodor Ruf TheodorRuf@t-online.de Altlandkreis Marktheidenfeld: Paul Diener paul.diener55@gmx.de &nbsp; Die neue Richtlinie findet sich unter:\u00a0https:\/\/www.gesetze-bayern.de\/Content\/Document\/BayVV_2244_F_11644\/true Weitere Adressen \u00fcber [&hellip;]<\/p>\n","protected":false},"author":1,"featured_media":0,"parent":160,"menu_order":0,"comment_status":"closed","ping_status":"closed","template":"","meta":{"footnotes":""},"_links":{"self":[{"href":"https:\/\/gmv-lohr.de\/index.php\/wp-json\/wp\/v2\/pages\/162"}],"collection":[{"href":"https:\/\/gmv-lohr.de\/index.php\/wp-json\/wp\/v2\/pages"}],"about":[{"href":"https:\/\/gmv-lohr.de\/index.php\/wp-json\/wp\/v2\/types\/page"}],"author":[{"embeddable":true,"href":"https:\/\/gmv-lohr.de\/index.php\/wp-json\/wp\/v2\/users\/1"}],"replies":[{"embeddable":true,"href":"https:\/\/gmv-lohr.de\/index.php\/wp-json\/wp\/v2\/comments?post=162"}],"version-history":[{"count":37,"href":"https:\/\/gmv-lohr.de\/index.php\/wp-json\/wp\/v2\/pages\/162\/revisions"}],"predecessor-version":[{"id":2380,"href":"https:\/\/gmv-lohr.de\/index.php\/wp-json\/wp\/v2\/pages\/162\/revisions\/2380"}],"up":[{"embeddable":true,"href":"https:\/\/gmv-lohr.de\/index.php\/wp-json\/wp\/v2\/pages\/160"}],"wp:attachment":[{"href":"https:\/\/gmv-lohr.de\/index.php\/wp-json\/wp\/v2\/media?parent=162"}],"curies":[{"name":"wp","href":"https:\/\/api.w.org\/{rel}","templated":true}]}}