{"id":174,"date":"2016-12-29T16:08:29","date_gmt":"2016-12-29T15:08:29","guid":{"rendered":"https:\/\/www.gmv-lohr.de\/?page_id=174"},"modified":"2023-06-08T11:50:54","modified_gmt":"2023-06-08T09:50:54","slug":"zeitschriften","status":"publish","type":"page","link":"https:\/\/gmv-lohr.de\/index.php\/hist-organisationen-der-region\/zeitschriften\/","title":{"rendered":"Zeitschriften"},"content":{"rendered":"<p style=\"text-align: center;\"><strong>Nummer 1 der regionalgeschichtlichen Zeitschriften ist<br \/>\n<a><br \/>\n<\/a><a href=\"http:\/\/www.main-echo.de\/regional\/spessart\/\" target=\"_blank\" rel=\"noopener\">SPESSART<\/a><\/strong><\/p>\n<p style=\"text-align: center;\">Hier werden Sie nicht nur \u00fcber die Entwicklungen im <a href=\"http:\/\/www.spessartbund.de\/index.php?id=spessartbund_start\" target=\"_blank\" rel=\"noopener\">Spessartbund<\/a> informiert. Seit \u00fcber 100 Jahren bringt der &#8222;Spessart&#8220; in erster Linie historische Beitr\u00e4ge, in denen Sie auch recherchieren k\u00f6nnen.<\/p>\n<p style=\"text-align: center;\"><a><br \/>\n<\/a><br \/>\nIn diesen drei B\u00e4nden k\u00f6nnen Sie sich auf eine Zeitreise durch 100 Jahre &#8222;Spessart&#8220; begeben. Einige Artikel daraus werden Sie unter <strong>&#8222;Stadtgeschichte\/Volltexte zur Stadt- und Regionalgeschichte&#8220;<\/strong> finden. Dank an Herrn Klaus Eymann f\u00fcr die Genehmigung.<\/p>\n<div align=\"center\"><img decoding=\"async\" style=\"max-width: 100%; width: auto;\" src=\"https:\/\/www.gmv-lohr.de\/wp-content\/uploads\/2016\/12\/1-750x1024.jpg\" alt=\"\" height=\"350\" \/> <img decoding=\"async\" style=\"max-width: 100%; width: auto;\" src=\"https:\/\/www.gmv-lohr.de\/wp-content\/uploads\/2016\/12\/2-750x1024.jpg\" alt=\"\" height=\"350\" \/> <img decoding=\"async\" style=\"max-width: 100%; width: auto;\" src=\"https:\/\/www.gmv-lohr.de\/wp-content\/uploads\/2016\/12\/3-750x1024.jpeg\" alt=\"\" height=\"350\" \/><\/div>\n<p><span style=\"color: #000000;\"><br \/>\n&nbsp;<br \/>\nDiese Links f\u00fchren Sie zu weiteren \u00e4lteren und neueren historischen Zeitschriften f\u00fcr die Region:<\/span><\/p>\n<p><a href=\"https:\/\/de.wikisource.org\/wiki\/Archiv_des_historischen_Vereins_von_Unterfranken_und_Aschaffenburg\" target=\"_blank\" rel=\"noopener\">Archiv des historischen Vereins von Unterfranken und Aschaffenburg<\/a> (Wikisource)<br \/>\n<a href=\"http:\/\/www.franken-magazin.net\" target=\"_blank\" rel=\"noopener\">Franken-Magazin<\/a><br \/>\n<a href=\"http:\/\/frankenland.franconica.uni-wuerzburg.de\/login\/index.php?link=front.html&amp;left=zeitschrift_frankenland_new\" target=\"_blank\" rel=\"noopener\">Frankenland online<\/a><br \/>\n<a href=\"https:\/\/de.wikisource.org\/wiki\/Zeitschriften_(Landesgeschichte)\" target=\"_blank\" rel=\"noopener\">Zeitschriften Landesgeschichte<\/a> (Wikisource)<br \/>\n<a href=\"https:\/\/de.wikisource.org\/wiki\/Franken\/Zeitungen\" target=\"_blank\" rel=\"noopener\">Zeitungen Franken<\/a> (Wikisource)<br \/>\n<a href=\"https:\/\/de.wikisource.org\/wiki\/Franken\/Amtsbl\u00e4tter\" target=\"_blank\" rel=\"noopener\">Amtsbl\u00e4tter Franken<\/a> (Wikisource)<br \/>\n<a href=\"http:\/\/wiki-de.genealogy.net\/Historische_Vereinszeitschriften\" target=\"_blank\" rel=\"noopener\">Historische Vereinszeitschriften<\/a><br \/>\n<a href=\"http:\/\/www.vhghessen.de\/inhalt\/zhg.htm\" target=\"_blank\" rel=\"noopener\">Zeitschrift f\u00fcr hessische Geschichte und Landeskunde<\/a><br \/>\n<a href=\"https:\/\/hlgl.hessen.de\/veroeffentlichungen\/jahrbuch\" target=\"_blank\" rel=\"noopener\">Hessisches Jahrbuch f\u00fcr Landesgeschichte<\/a><\/p>\n","protected":false},"excerpt":{"rendered":"<p>Nummer 1 der regionalgeschichtlichen Zeitschriften ist SPESSART Hier werden Sie nicht nur \u00fcber die Entwicklungen im Spessartbund informiert. Seit \u00fcber 100 Jahren bringt der &#8222;Spessart&#8220; in erster Linie historische Beitr\u00e4ge, in denen Sie auch recherchieren k\u00f6nnen. In diesen drei B\u00e4nden k\u00f6nnen Sie sich auf eine Zeitreise durch 100 Jahre &#8222;Spessart&#8220; begeben. Einige Artikel daraus werden [&hellip;]<\/p>\n","protected":false},"author":1,"featured_media":0,"parent":166,"menu_order":0,"comment_status":"closed","ping_status":"closed","template":"","meta":{"footnotes":""},"_links":{"self":[{"href":"https:\/\/gmv-lohr.de\/index.php\/wp-json\/wp\/v2\/pages\/174"}],"collection":[{"href":"https:\/\/gmv-lohr.de\/index.php\/wp-json\/wp\/v2\/pages"}],"about":[{"href":"https:\/\/gmv-lohr.de\/index.php\/wp-json\/wp\/v2\/types\/page"}],"author":[{"embeddable":true,"href":"https:\/\/gmv-lohr.de\/index.php\/wp-json\/wp\/v2\/users\/1"}],"replies":[{"embeddable":true,"href":"https:\/\/gmv-lohr.de\/index.php\/wp-json\/wp\/v2\/comments?post=174"}],"version-history":[{"count":32,"href":"https:\/\/gmv-lohr.de\/index.php\/wp-json\/wp\/v2\/pages\/174\/revisions"}],"predecessor-version":[{"id":2295,"href":"https:\/\/gmv-lohr.de\/index.php\/wp-json\/wp\/v2\/pages\/174\/revisions\/2295"}],"up":[{"embeddable":true,"href":"https:\/\/gmv-lohr.de\/index.php\/wp-json\/wp\/v2\/pages\/166"}],"wp:attachment":[{"href":"https:\/\/gmv-lohr.de\/index.php\/wp-json\/wp\/v2\/media?parent=174"}],"curies":[{"name":"wp","href":"https:\/\/api.w.org\/{rel}","templated":true}]}}