{"id":221,"date":"2016-12-29T16:33:07","date_gmt":"2016-12-29T15:33:07","guid":{"rendered":"https:\/\/www.gmv-lohr.de\/?page_id=221"},"modified":"2023-06-08T11:51:05","modified_gmt":"2023-06-08T09:51:05","slug":"abonnieren","status":"publish","type":"page","link":"https:\/\/gmv-lohr.de\/index.php\/newsletter\/abonnieren\/","title":{"rendered":"Abonnieren"},"content":{"rendered":"<div class=\"tnp tnp-subscription \">\n<form method=\"post\" action=\"https:\/\/gmv-lohr.de\/?na=s\">\n<input type=\"hidden\" name=\"nlang\" value=\"\">\n<div class=\"tnp-field tnp-field-email\"><label for=\"tnp-1\">Email<\/label>\n<input class=\"tnp-email\" type=\"email\" name=\"ne\" id=\"tnp-1\" value=\"\" placeholder=\"\" required><\/div>\n<div class=\"tnp-field tnp-field-button\" style=\"text-align: left\"><input class=\"tnp-submit\" type=\"submit\" value=\"Subscribe\" style=\"\">\n<\/div>\n<\/form>\n<\/div>\n\n<p>&nbsp;<\/p>\n<p><strong>Nach den neuen Datenschutzrichtlinien stimmen Sie mit Bestellung des Newsletters Folgendem zu:\u00a0<\/strong><\/p>\n<p><strong>Ich bin damit einverstanden, dass zu diesem Zweck meine pers\u00f6nlichen Daten (E-Mail-Adresse und Name) gespeichert werden. Es erfolgt keine Weitergabe dieser pers\u00f6nlichen Daten an Dritte.<\/strong><br \/>\n<strong>Das Abbestellen des Newsletters sowie die L\u00f6schung meiner Daten ist jederzeit (formlos per Email\u00a0an gmv-lohr.de)\u00a0m\u00f6glich.<\/strong><\/p>\n","protected":false},"excerpt":{"rendered":"<p>&nbsp; Nach den neuen Datenschutzrichtlinien stimmen Sie mit Bestellung des Newsletters Folgendem zu:\u00a0 Ich bin damit einverstanden, dass zu diesem Zweck meine pers\u00f6nlichen Daten (E-Mail-Adresse und Name) gespeichert werden. Es erfolgt keine Weitergabe dieser pers\u00f6nlichen Daten an Dritte. Das Abbestellen des Newsletters sowie die L\u00f6schung meiner Daten ist jederzeit (formlos per Email\u00a0an gmv-lohr.de)\u00a0m\u00f6glich.<\/p>\n","protected":false},"author":1,"featured_media":0,"parent":272,"menu_order":0,"comment_status":"closed","ping_status":"closed","template":"","meta":{"footnotes":""},"_links":{"self":[{"href":"https:\/\/gmv-lohr.de\/index.php\/wp-json\/wp\/v2\/pages\/221"}],"collection":[{"href":"https:\/\/gmv-lohr.de\/index.php\/wp-json\/wp\/v2\/pages"}],"about":[{"href":"https:\/\/gmv-lohr.de\/index.php\/wp-json\/wp\/v2\/types\/page"}],"author":[{"embeddable":true,"href":"https:\/\/gmv-lohr.de\/index.php\/wp-json\/wp\/v2\/users\/1"}],"replies":[{"embeddable":true,"href":"https:\/\/gmv-lohr.de\/index.php\/wp-json\/wp\/v2\/comments?post=221"}],"version-history":[{"count":9,"href":"https:\/\/gmv-lohr.de\/index.php\/wp-json\/wp\/v2\/pages\/221\/revisions"}],"predecessor-version":[{"id":1637,"href":"https:\/\/gmv-lohr.de\/index.php\/wp-json\/wp\/v2\/pages\/221\/revisions\/1637"}],"up":[{"embeddable":true,"href":"https:\/\/gmv-lohr.de\/index.php\/wp-json\/wp\/v2\/pages\/272"}],"wp:attachment":[{"href":"https:\/\/gmv-lohr.de\/index.php\/wp-json\/wp\/v2\/media?parent=221"}],"curies":[{"name":"wp","href":"https:\/\/api.w.org\/{rel}","templated":true}]}}