{"id":2406,"date":"2024-06-02T20:15:15","date_gmt":"2024-06-02T18:15:15","guid":{"rendered":"https:\/\/gmv-lohr.de\/?page_id=2406"},"modified":"2024-06-02T22:34:59","modified_gmt":"2024-06-02T20:34:59","slug":"heimathub","status":"publish","type":"page","link":"https:\/\/gmv-lohr.de\/index.php\/aktuelles\/heimathub\/","title":{"rendered":"Heimathub"},"content":{"rendered":"<p><strong>Seit Mitte 2023 ist auch der Landkreis Main-Spessart Mitglied bei :<\/strong><\/p>\n<p><strong>Heimathub: digital \u2013 analog \u2013 miteinander<\/strong><\/p>\n<p>Die Landschaft der Region am Bayerischen Untermain mit Spessart, Odenwald und dem Maintal ist vielf\u00e4ltig. Genauso vielf\u00e4ltig stellt sich auch die wechselvolle Geschichte und die gesellschaftliche Gegenwart der Region dar. Die Mitmach-Plattform l\u00e4dt B\u00fcrger:innen ein, die Geschichte und Kultur der Region zu bewahren und somit ein digitales Archiv aufzubauen, das f\u00fcr alle zug\u00e4nglich ist.<br \/>\nIm Journal haben die Nutzer:innen die M\u00f6glichkeit, eigene Artikel zu verfassen und zu ver\u00f6ffentlichen. Im Archiv k\u00f6nnen die Nutzer:innen Dokumente hochladen, die sich in ihrem Besitz befinden. Mit seinem Netzwerk erm\u00f6glicht der Heimathub die Kommunikation und Vernetzung unter Nutzer:innen und Projektpartner:innen.<br \/>\nIn den Ankerpunkten Aschaffenburg, M\u00f6mbris, Eschau und Gem\u00fcnden stehen Ansprechpartner:innen des Heimathub auch vor Ort zur Verf\u00fcgung. Nehmen Sie gerne Kontakt zu uns auf.<\/p>\n<p style=\"text-align: center;\"><strong><a href=\"https:\/\/heimathub.de\">https:\/\/heimathub.de<\/a><\/strong><\/p>\n<p>&nbsp;<\/p>\n","protected":false},"excerpt":{"rendered":"<p>Seit Mitte 2023 ist auch der Landkreis Main-Spessart Mitglied bei : Heimathub: digital \u2013 analog \u2013 miteinander Die Landschaft der Region am Bayerischen Untermain mit Spessart, Odenwald und dem Maintal ist vielf\u00e4ltig. Genauso vielf\u00e4ltig stellt sich auch die wechselvolle Geschichte und die gesellschaftliche Gegenwart der Region dar. Die Mitmach-Plattform l\u00e4dt B\u00fcrger:innen ein, die Geschichte und [&hellip;]<\/p>\n","protected":false},"author":1,"featured_media":0,"parent":95,"menu_order":0,"comment_status":"closed","ping_status":"closed","template":"","meta":{"footnotes":""},"_links":{"self":[{"href":"https:\/\/gmv-lohr.de\/index.php\/wp-json\/wp\/v2\/pages\/2406"}],"collection":[{"href":"https:\/\/gmv-lohr.de\/index.php\/wp-json\/wp\/v2\/pages"}],"about":[{"href":"https:\/\/gmv-lohr.de\/index.php\/wp-json\/wp\/v2\/types\/page"}],"author":[{"embeddable":true,"href":"https:\/\/gmv-lohr.de\/index.php\/wp-json\/wp\/v2\/users\/1"}],"replies":[{"embeddable":true,"href":"https:\/\/gmv-lohr.de\/index.php\/wp-json\/wp\/v2\/comments?post=2406"}],"version-history":[{"count":6,"href":"https:\/\/gmv-lohr.de\/index.php\/wp-json\/wp\/v2\/pages\/2406\/revisions"}],"predecessor-version":[{"id":2417,"href":"https:\/\/gmv-lohr.de\/index.php\/wp-json\/wp\/v2\/pages\/2406\/revisions\/2417"}],"up":[{"embeddable":true,"href":"https:\/\/gmv-lohr.de\/index.php\/wp-json\/wp\/v2\/pages\/95"}],"wp:attachment":[{"href":"https:\/\/gmv-lohr.de\/index.php\/wp-json\/wp\/v2\/media?parent=2406"}],"curies":[{"name":"wp","href":"https:\/\/api.w.org\/{rel}","templated":true}]}}