{"id":4,"date":"2016-12-29T15:42:15","date_gmt":"2016-12-29T14:42:15","guid":{"rendered":"https:\/\/www.gmv-lohr.de\/?page_id=4"},"modified":"2025-02-15T11:53:20","modified_gmt":"2025-02-15T10:53:20","slug":"impressum","status":"publish","type":"page","link":"https:\/\/gmv-lohr.de\/index.php\/impressum\/","title":{"rendered":"Impressum"},"content":{"rendered":"<h3><strong>Herausgeber:<\/strong><\/h3>\n<p>Geschichts- und Museumsverein Lohr a. Main e. V.<br \/>\nDr. Wolfgang Vorwerk, 1. Vorsitzender<br \/>\nBulthauptstra\u00dfe 36<br \/>\n28209 Bremen<br \/>\nE-Mail: vorwerk.w.@gmail.com<\/p>\n<p>&nbsp;<\/p>\n<h3><strong>Webhosting:<\/strong><\/h3>\n<p>G-Medien Lohr<\/p>\n<p>www.g-medien.eu<\/p>\n<p>&nbsp;<\/p>\n<h3><strong>Verantwortlich f\u00fcr den Inhalt i. S. d. P.:<\/strong><\/h3>\n<p>Dr. Theodor Ruf<br \/>\nSodener Stra\u00dfe 53<br \/>\n63743 Aschaffenburg<br \/>\nTel.: 06021 371226<br \/>\nE-Mail: TheodorRuf@t-online.de<\/p>\n<p>Namentlich gekennzeichnete Internetseiten geben die Auffassungen und Erkenntnisse der genannten Personen wieder.<\/p>\n<p>&nbsp;<\/p>\n<h3><strong>Nutzungsbedingungen:<\/strong><\/h3>\n<p>Texte, Bilder, Grafiken sowie die Gestaltung dieser Internetseiten unterliegen dem Urheberrecht. Sie d\u00fcrfen von Ihnen nur zum privaten und sonstigen eigenen Gebrauch im Rahmen des \u00a7 53 Urheberrechtsgesetz (UrhG) verwendet werden. Eine Vervielf\u00e4ltigung oder Verwendung dieser Seiten oder Teilen davon in anderen elektronischen oder gedruckten Publikationen und deren Ver\u00f6ffentlichung ist nur mit unserer Einwilligung gestattet. Diese erteilen auf Anfrage die f\u00fcr den Inhalt Verantwortlichen. Weiterhin k\u00f6nnen Texte, Bilder, Grafiken und sonstige Dateien ganz oder teilweise dem Urheberrecht Dritter unterliegen. Auch \u00fcber das Bestehen m\u00f6glicher Rechte Dritter geben Ihnen die f\u00fcr den Inhalt Verantwortlichen n\u00e4here Ausk\u00fcnfte.<br \/>\nDer Nachdruck und die Auswertung von Pressemitteilungen und Reden sind mit Quellenangabe allgemein gestattet.<\/p>\n<p>&nbsp;<\/p>\n<h3><strong>Disclaimer (Haftungsausschluss):<\/strong><\/h3>\n<h4>Erkl\u00e4rung<\/h4>\n<p>Mit Urteil vom 12. Mai 1998 \u2013 312 O 85\/98 \u2013 \u201cHaftung f\u00fcr Links\u201d \u2013 hat das Landgericht (LG) Hamburg entschieden, dass man durch die Anbringung eines Links, die Inhalte der gelinkten Seite ggf. mit zu verantworten hat. Dies kann \u2013 so das LG \u2013 nur dadurch verhindert werden, dass man sich ausdr\u00fccklich von diesen Inhalten distanziert:<br \/>\nHiermit distanzieren wir uns ausdr\u00fccklich von allen Inhalten aller gelinkten Seiten auf dieser Homepage und machen uns diese Inhalte nicht zu eigen. Diese Erkl\u00e4rung gilt f\u00fcr alle auf diesen Seiten angebrachten Links.<\/p>\n<p>&nbsp;<\/p>\n<h4>Haftungsausschluss<\/h4>\n<p>Die bereitgestellten Informationen auf dieser Website wurden sorgf\u00e4ltig recherchiert, gepr\u00fcft und werden regelm\u00e4\u00dfig aktualisiert. Dennoch kann keine Garantie oder Haftung f\u00fcr die Aktualit\u00e4t, Richtigkeit und Vollst\u00e4ndigkeit der Informationen \u00fcbernommen werden. Dies gilt insbesondere auch f\u00fcr alle Links zu anderen Websites, auf die direkt oder indirekt verwiesen wird. Des Weiteren haften wir nicht f\u00fcr direkte oder indirekte Sch\u00e4den, einschlie\u00dflich entgangenen Gewinns, die mit der Nutzung des Informationsangebotes dieser Website in Verbindung gebracht werden k\u00f6nnen. Auch dies gilt insbesondere f\u00fcr die Links zu anderen Webseiten. Alle Angaben k\u00f6nnen ohne vorherige Ank\u00fcndigung erg\u00e4nzt, entfernt oder ge\u00e4ndert werden.<\/p>\n<p>&nbsp;<\/p>\n<h4>Datenschutz<\/h4>\n<p>Im Bewusstsein der Problematik des Datenschutzes im Internet erkl\u00e4ren wir hiermit, dass die an sie direkt \u00fcbersandten Daten nur f\u00fcr interne Zwecke gespeichert und keinesfalls ohne Zustimmung an Dritte weitergegeben werden.<\/p>\n<p>&nbsp;<\/p>\n<h4>Haftung f\u00fcr Inhalte<\/h4>\n<p>Obwohl wir uns um Aktualit\u00e4t, Vollst\u00e4ndigkeit und Richtigkeit der Inhalte unserer Seiten bem\u00fchen, k\u00f6nnen wir hierf\u00fcr keine Garantie \u00fcbernehmen.<br \/>\nNach \u00a7 7 (1) TMG sind wir als Diensteanbieter f\u00fcr eigene Inhalte auf unseren Seiten nach den allgemeinen Gesetzen verantwortlich.<br \/>\nEine Verpflichtung zur \u00dcberwachung \u00fcbermittelter oder gespeicherter fremder Informationen besteht jedoch nicht (\u00a7\u00a7 8-10 TMG). Sobald uns Rechtsverst\u00f6\u00dfe bekannt werden, werden wir die entsprechenden Inhalte umgehend entfernen. Eine dahingehende Haftung wird jedoch erst ab dem Zeitpunkt der Kenntnis konkreter Rechtsverletzungen \u00fcbernommen.<\/p>\n<p>&nbsp;<\/p>\n<h4>Haftung f\u00fcr Links<\/h4>\n<p>Unsere Seiten enthalten Links auf externe Webseiten Dritter. Auf die Inhalte dieser verlinkten Webseiten haben wir keinen Einfluss. F\u00fcr die Richtigkeit der Inhalte ist immer der jeweilige Anbieter oder Betreiber verantwortlich, weshalb wir diesbez\u00fcglich keinerlei Gew\u00e4hr \u00fcbernehmen.<br \/>\nDie fremden Webseiten haben wir zum Zeitpunkt der Verlinkung auf m\u00f6gliche Rechtsverst\u00f6\u00dfe \u00fcberpr\u00fcft. Zum Zeitpunkt der Verlinkung waren keinerlei Rechtsverletzungen erkennbar. Eine st\u00e4ndige \u00dcberpr\u00fcfung s\u00e4mtlicher Inhalte der von uns verlinkten Seiten ohne tats\u00e4chliche Anhaltspunkte f\u00fcr einen Rechtsversto\u00df k\u00f6nnen wir nicht leisten. Falls uns Rechtsverletzungen bekannt werden, werden wir die entsprechenden Links sofort entfernen.<\/p>\n<p>&nbsp;<\/p>\n<h4>Urheberrecht<\/h4>\n<p>Die durch den Betreiber dieser Seite erstellten Inhalte und Werke auf diesen Webseiten unterliegen dem deutschen Urheberrecht. S\u00e4mtliche Beitr\u00e4ge Dritter sind als solche gekennzeichnet. Die Vervielf\u00e4ltigung, Bearbeitung, Verbreitung und jede Art der Verwertung au\u00dferhalb der Grenzen des Urheberrechts bed\u00fcrfen der schriftlichen Zustimmung des jeweiligen Autors bzw. Erstellers. Kopien von diesen Seiten sind nur f\u00fcr den privaten Bereich gestattet, nicht jedoch f\u00fcr kommerzielle Zwecke.<\/p>\n<p>&nbsp;<\/p>\n<h4>Datenschutz<\/h4>\n<p>F\u00fcr die Sicherheit der Daten\u00fcbertragung im Internet k\u00f6nnen wir keine Gew\u00e4hr \u00fcbernehmen, insbesondere besteht bei der \u00dcbertragung von Daten per E-Mail die Gefahr des Zugriffs durch Dritte.<br \/>\nIm Falle der Erhebung personenbezogener Daten auf unseren Seiten erfolgt die Preisgabe dieser Daten seitens des Nutzers stets auf freiwilliger Basis. Die Inanspruchnahme und Bezahlung aller angebotenen Dienste ist auch ohne Angabe solcher Daten bzw. unter Angabe anonymisierter Daten oder eines Pseudonyms gestattet, soweit dies technisch m\u00f6glich und zumutbar ist.<br \/>\nEiner Nutzung der im Impressum ver\u00f6ffentlichten Kontaktdaten durch Dritte zu Werbezwecken wird hiermit ausdr\u00fccklich widersprochen. Der Betreiber beh\u00e4lt sich f\u00fcr den Fall unverlangt zugesandter Werbe- oder Informationsmaterialien ausdr\u00fccklich rechtliche Schritte vor.<\/p>\n<p>&nbsp;<\/p>\n<h4>Rechtswirksamkeit dieses Haftungsausschlusses<\/h4>\n<p>Sollten einzelne Regelungen oder Formulierungen dieses Haftungsausschlusses unwirksam sein oder werden, bleiben die \u00fcbrigen Regelungen in ihrem Inhalt und ihrer G\u00fcltigkeit hiervon unber\u00fchrt.<\/p>\n","protected":false},"excerpt":{"rendered":"<p>Herausgeber: Geschichts- und Museumsverein Lohr a. Main e. V. Dr. Wolfgang Vorwerk, 1. Vorsitzender Bulthauptstra\u00dfe 36 28209 Bremen E-Mail: vorwerk.w.@gmail.com &nbsp; Webhosting: G-Medien Lohr www.g-medien.eu &nbsp; Verantwortlich f\u00fcr den Inhalt i. S. d. P.: Dr. Theodor Ruf Sodener Stra\u00dfe 53 63743 Aschaffenburg Tel.: 06021 371226 E-Mail: TheodorRuf@t-online.de Namentlich gekennzeichnete Internetseiten geben die Auffassungen und Erkenntnisse [&hellip;]<\/p>\n","protected":false},"author":1,"featured_media":0,"parent":0,"menu_order":0,"comment_status":"closed","ping_status":"closed","template":"","meta":{"footnotes":""},"_links":{"self":[{"href":"https:\/\/gmv-lohr.de\/index.php\/wp-json\/wp\/v2\/pages\/4"}],"collection":[{"href":"https:\/\/gmv-lohr.de\/index.php\/wp-json\/wp\/v2\/pages"}],"about":[{"href":"https:\/\/gmv-lohr.de\/index.php\/wp-json\/wp\/v2\/types\/page"}],"author":[{"embeddable":true,"href":"https:\/\/gmv-lohr.de\/index.php\/wp-json\/wp\/v2\/users\/1"}],"replies":[{"embeddable":true,"href":"https:\/\/gmv-lohr.de\/index.php\/wp-json\/wp\/v2\/comments?post=4"}],"version-history":[{"count":19,"href":"https:\/\/gmv-lohr.de\/index.php\/wp-json\/wp\/v2\/pages\/4\/revisions"}],"predecessor-version":[{"id":2462,"href":"https:\/\/gmv-lohr.de\/index.php\/wp-json\/wp\/v2\/pages\/4\/revisions\/2462"}],"wp:attachment":[{"href":"https:\/\/gmv-lohr.de\/index.php\/wp-json\/wp\/v2\/media?parent=4"}],"curies":[{"name":"wp","href":"https:\/\/api.w.org\/{rel}","templated":true}]}}