{"id":656,"date":"2017-01-05T22:57:38","date_gmt":"2017-01-05T21:57:38","guid":{"rendered":"https:\/\/www.gmv-lohr.de\/?page_id=656"},"modified":"2024-06-02T21:36:25","modified_gmt":"2024-06-02T19:36:25","slug":"wer-oder-was","status":"publish","type":"page","link":"https:\/\/gmv-lohr.de\/index.php\/historisches-raetsel\/wer-oder-was\/","title":{"rendered":"Wer oder was ???"},"content":{"rendered":"<p><b>Kommt Zeit, kommt Rat. Kommt Unzeit, kommt Unrat. Wenn die Zeit kommt, wird auch wieder ein R\u00e4tsel gestellt werden:))<\/b><\/p>\n<div align=\"center\"><img decoding=\"async\" style=\"max-width: 100%; width: auto;\" src=\"https:\/\/www.gmv-lohr.de\/wp-content\/uploads\/2017\/01\/Entdeckungen-im-Spessart_Titel.jpg\" alt=\"\" height=\"350\" \/> <img decoding=\"async\" style=\"max-width: 100%; width: auto;\" src=\"https:\/\/www.gmv-lohr.de\/wp-content\/uploads\/2017\/01\/Entdeckungen-II_Cover-724x1024.jpg\" alt=\"\" height=\"350\" \/> <img decoding=\"async\" style=\"max-width: 100%; width: auto;\" src=\"https:\/\/www.gmv-lohr.de\/wp-content\/uploads\/2017\/01\/Leselaub_Titel-634x1024.jpg\" alt=\"\" height=\"350\" \/><\/div>\n<p><strong>Wer oder was???<\/strong><\/p>\n<p>&nbsp;<\/p>\n<p>Das war das erste R\u00e4tsel: Wissen Sie die L\u00f6sung?<\/p>\n<p>Die\u00a0Anmutige<\/p>\n<p>F\u00fcr die Version mit der Heiligen aus Tauberbischofsheim sprechen leider nur Wunschvorstellungen. Wenn die Sage zutr\u00e4fe, h\u00e4tte sich damals eine Frauengemeinschaft gebildet. So aber brauchte das weibliche Element noch eine erkleckliche Anzahl von Jahrhunderten. Zwar trat es dann nur kurz und auch nur in der Einzahl auf \u2013 f\u00fcrs kollektive Ged\u00e4chtnis aber war das v\u00f6llig ausreichend, besonders auf der anderen Mainseite.<br \/>\nEs hat also mit M\u00e4nnern angefangen, vor einem knappen Jahrtausend. Sie waren zun\u00e4chst zu f\u00fcnft, vielleicht auch zu f\u00fcnfzehnt. Bis sie mehr wurden, lie\u00df die Ausstattung nicht nur personell zu w\u00fcnschen \u00fcbrig. In z\u00e4hen Sch\u00fcben wuchs der Bau dennoch, und ein halbes Jahrhundert sp\u00e4ter war wirklich alles fertig \u2013 in beeindruckenden Ausma\u00dfen, wie es scheint. Architektonisch wohl einzigartig in der Region, ein Kind der Hirsauer Bauschule, franz\u00f6sisch inspiriert, herb und schlicht.<br \/>\nOb es nur der Bildh\u00e4user Haufen gewesen ist, der 1525 alles \u201egepl\u00fcndert, u\u00dfgeprannt, uff den poden zerschlaifft und in das letzt verderben gericht\u201c hat? Oder trug auch der neue Eigent\u00fcmer seinen Teil dazu bei? Immerhin zeigte er keinerlei Respekt vor der Kaufvereinbarung, den Geist der Stifter durch den Erhalt der Kirche zu ehren. Der Begriff des Streubesitzes nimmt einen neuen Klang an, wenn sich Einzelteile in Geb\u00e4uden umliegender D\u00f6rfer finden. Was aber wohl letztlich entscheidet, ist die t\u00e4tige N\u00e4chstenliebe. Die daf\u00fcr so ger\u00fchmte, vermutlich erste und m\u00f6glicherweise letzte weibliche Bewohnerin des im Stil der Renaissance neu errichteten Anwesens wurde in Lohr unter gro\u00dfer Anteilnahme begraben.<br \/>\nAls man ein Vierteljahrtausend nach dem Begr\u00e4bnis nichts Rechtes mehr damit anzufangen wusste, nahm man den Dachstuhl auseinander und baute mit dem Holz ein Forsthaus nahebei. Heute freuen sich Flederm\u00e4use und Ausfl\u00fcgler an dem hoch aufragenden Monument \u00fcber dem Main, das mit seinen charakteristischen Vorhangb\u00f6gen so anmutig Zeugnis gibt von einer anderen Zeit.<\/p>\n<p><em>Sabine Fiedler-Conradi<\/em><\/p>\n<p>&nbsp;<\/p>\n<p><strong>Die zu l\u00f6senden Fragen:<br \/>\n1. Wer war jene sagenhafte Heilige?<br \/>\n2. Woher kamen jene M\u00e4nner, mit denen es anfing, und wann ungef\u00e4hr war das?<br \/>\n3. Wer war der &#8222;neue Eigent\u00fcmer&#8220;?<br \/>\n4. Wer war die &#8222;letzte weibliche Bewohnerin&#8220;?<br \/>\n5. Wann ist sie gestorben?<\/strong><\/p>\n<p><strong>Viel Erfolg!<\/strong><\/p>\n<p>Bitte geben Sie bei der L\u00f6sung auch an, welches der angezeigten B\u00fccher Sie gewinnen m\u00f6chten, denn es k\u00f6nnte ja sein, dass Sie schon eines haben. Falls Sie alle drei schon besitzen, dann schreiben\u00a0Sie es uns, und dann suchen wir ein anderes.<\/p>\n","protected":false},"excerpt":{"rendered":"<p>Kommt Zeit, kommt Rat. Kommt Unzeit, kommt Unrat. Wenn die Zeit kommt, wird auch wieder ein R\u00e4tsel gestellt werden:)) Wer oder was??? &nbsp; Das war das erste R\u00e4tsel: Wissen Sie die L\u00f6sung? Die\u00a0Anmutige F\u00fcr die Version mit der Heiligen aus Tauberbischofsheim sprechen leider nur Wunschvorstellungen. Wenn die Sage zutr\u00e4fe, h\u00e4tte sich damals eine Frauengemeinschaft gebildet. [&hellip;]<\/p>\n","protected":false},"author":1,"featured_media":0,"parent":179,"menu_order":0,"comment_status":"closed","ping_status":"closed","template":"","meta":{"footnotes":""},"_links":{"self":[{"href":"https:\/\/gmv-lohr.de\/index.php\/wp-json\/wp\/v2\/pages\/656"}],"collection":[{"href":"https:\/\/gmv-lohr.de\/index.php\/wp-json\/wp\/v2\/pages"}],"about":[{"href":"https:\/\/gmv-lohr.de\/index.php\/wp-json\/wp\/v2\/types\/page"}],"author":[{"embeddable":true,"href":"https:\/\/gmv-lohr.de\/index.php\/wp-json\/wp\/v2\/users\/1"}],"replies":[{"embeddable":true,"href":"https:\/\/gmv-lohr.de\/index.php\/wp-json\/wp\/v2\/comments?post=656"}],"version-history":[{"count":28,"href":"https:\/\/gmv-lohr.de\/index.php\/wp-json\/wp\/v2\/pages\/656\/revisions"}],"predecessor-version":[{"id":2418,"href":"https:\/\/gmv-lohr.de\/index.php\/wp-json\/wp\/v2\/pages\/656\/revisions\/2418"}],"up":[{"embeddable":true,"href":"https:\/\/gmv-lohr.de\/index.php\/wp-json\/wp\/v2\/pages\/179"}],"wp:attachment":[{"href":"https:\/\/gmv-lohr.de\/index.php\/wp-json\/wp\/v2\/media?parent=656"}],"curies":[{"name":"wp","href":"https:\/\/api.w.org\/{rel}","templated":true}]}}