{"id":702,"date":"2017-01-08T12:14:13","date_gmt":"2017-01-08T11:14:13","guid":{"rendered":"https:\/\/www.gmv-lohr.de\/?page_id=702"},"modified":"2023-06-08T11:51:16","modified_gmt":"2023-06-08T09:51:16","slug":"was-ist-das","status":"publish","type":"page","link":"https:\/\/gmv-lohr.de\/index.php\/was-ist-das\/","title":{"rendered":"Was ist das?"},"content":{"rendered":"<p>Mittelfristig sollen hier Fragen zur Geschichte in einfacher pr\u00e4ziser Form beantwortet werden.<\/p>\n<p>z. B.:<\/p>\n<ul>\n<li>Wer waren die Grafen von Rieneck?<\/li>\n<li>Wer wohnte im Lohrer Schloss?<\/li>\n<li>Gab es in Lohr einen K\u00f6nig?<\/li>\n<li>Was ist ein Kurf\u00fcrst?<\/li>\n<li>Warum hei\u00dft der Spessart &#8222;Spessart&#8220;?<\/li>\n<\/ul>\n<p><span style=\"color: #ff0000;\"><strong>Ihre Fragen nehmen wir gerne entgegen!<\/strong><\/span><\/p>\n<p>Im Untermen\u00fc findet man interessante Seiten zur Geschichte<\/p>\n","protected":false},"excerpt":{"rendered":"<p>Mittelfristig sollen hier Fragen zur Geschichte in einfacher pr\u00e4ziser Form beantwortet werden. z. B.: Wer waren die Grafen von Rieneck? Wer wohnte im Lohrer Schloss? Gab es in Lohr einen K\u00f6nig? Was ist ein Kurf\u00fcrst? Warum hei\u00dft der Spessart &#8222;Spessart&#8220;? Ihre Fragen nehmen wir gerne entgegen! Im Untermen\u00fc findet man interessante Seiten zur Geschichte<\/p>\n","protected":false},"author":1,"featured_media":0,"parent":0,"menu_order":0,"comment_status":"closed","ping_status":"closed","template":"","meta":{"footnotes":""},"_links":{"self":[{"href":"https:\/\/gmv-lohr.de\/index.php\/wp-json\/wp\/v2\/pages\/702"}],"collection":[{"href":"https:\/\/gmv-lohr.de\/index.php\/wp-json\/wp\/v2\/pages"}],"about":[{"href":"https:\/\/gmv-lohr.de\/index.php\/wp-json\/wp\/v2\/types\/page"}],"author":[{"embeddable":true,"href":"https:\/\/gmv-lohr.de\/index.php\/wp-json\/wp\/v2\/users\/1"}],"replies":[{"embeddable":true,"href":"https:\/\/gmv-lohr.de\/index.php\/wp-json\/wp\/v2\/comments?post=702"}],"version-history":[{"count":2,"href":"https:\/\/gmv-lohr.de\/index.php\/wp-json\/wp\/v2\/pages\/702\/revisions"}],"predecessor-version":[{"id":869,"href":"https:\/\/gmv-lohr.de\/index.php\/wp-json\/wp\/v2\/pages\/702\/revisions\/869"}],"wp:attachment":[{"href":"https:\/\/gmv-lohr.de\/index.php\/wp-json\/wp\/v2\/media?parent=702"}],"curies":[{"name":"wp","href":"https:\/\/api.w.org\/{rel}","templated":true}]}}