{"id":95,"date":"2016-12-29T15:49:35","date_gmt":"2016-12-29T14:49:35","guid":{"rendered":"https:\/\/www.gmv-lohr.de\/?page_id=95"},"modified":"2026-03-02T19:36:57","modified_gmt":"2026-03-02T18:36:57","slug":"aktuelles","status":"publish","type":"page","link":"https:\/\/gmv-lohr.de\/index.php\/aktuelles\/","title":{"rendered":"Aktuelles und Veranstaltungen"},"content":{"rendered":"<h2 style=\"text-align: center;\"><a href=\"https:\/\/gmv-lohr.de\/wp-content\/uploads\/2025\/05\/23_04_MSK02-11.jpg.pdf\"><strong>Bericht \u00fcber 50 Jahre Mittelschule Lohr. Die Aktion erfolgte mit Unterst\u00fctzung unseres Verei<\/strong>ns<\/a><\/h2>\n<h2 style=\"text-align: center;\"><span style=\"color: #ff0000;\"><a style=\"color: #ff0000;\" href=\"https:\/\/gmv-lohr.de\/wp-content\/uploads\/2025\/05\/Holocaust-begann-in-der-Psychiatrie.pdf\">Bericht im Main-Echo vom 16. Mai 2025 \u00fcber den Holocaust<\/a><\/span><\/h2>\n<h1 style=\"text-align: center;\"><span style=\"color: #ff0000;\"><a style=\"color: #ff0000;\" href=\"https:\/\/gmv-lohr.de\/wp-content\/uploads\/2025\/06\/Schneewittchen-300.jpeg\"><strong>Schneewittchen 300. Geburtstag<\/strong><\/a><\/span><\/h1>\n<h2 style=\"text-align: center;\"><strong><span style=\"color: #3366ff;\">Diese Website informiert nicht nur \u00fcber die Arbeit des Geschichts- und Museumsvereins Lohr am Main (GMV). Sie will \u00fcberregional historisches Wissen vermitteln<\/span><\/strong><\/h2>\n<p>&nbsp;<\/p>\n<p>&nbsp;<\/p>\n<h2 style=\"text-align: center;\"><strong>Im Untermen\u00fc kommen Sie zu den Veranstaltungshinweisen und zu den Neuerscheinungen<\/strong><\/h2>\n<h2 style=\"text-align: center;\"><span style=\"color: #ff0000;\"><strong>F\u00fcr weitere Pressenachrichten bitte Untermen\u00fc &#8222;Verein \u2013 Pressearchiv&#8220; anklicken\u00a0<\/strong><\/span><\/h2>\n<p>&nbsp;<\/p>\n<p style=\"text-align: center;\">\n","protected":false},"excerpt":{"rendered":"<p>Bericht \u00fcber 50 Jahre Mittelschule Lohr. Die Aktion erfolgte mit Unterst\u00fctzung unseres Vereins Bericht im Main-Echo vom 16. Mai 2025 \u00fcber den Holocaust Schneewittchen 300. Geburtstag Diese Website informiert nicht nur \u00fcber die Arbeit des Geschichts- und Museumsvereins Lohr am Main (GMV). Sie will \u00fcberregional historisches Wissen vermitteln &nbsp; &nbsp; Im Untermen\u00fc kommen Sie zu [&hellip;]<\/p>\n","protected":false},"author":1,"featured_media":0,"parent":0,"menu_order":0,"comment_status":"closed","ping_status":"closed","template":"","meta":{"footnotes":""},"_links":{"self":[{"href":"https:\/\/gmv-lohr.de\/index.php\/wp-json\/wp\/v2\/pages\/95"}],"collection":[{"href":"https:\/\/gmv-lohr.de\/index.php\/wp-json\/wp\/v2\/pages"}],"about":[{"href":"https:\/\/gmv-lohr.de\/index.php\/wp-json\/wp\/v2\/types\/page"}],"author":[{"embeddable":true,"href":"https:\/\/gmv-lohr.de\/index.php\/wp-json\/wp\/v2\/users\/1"}],"replies":[{"embeddable":true,"href":"https:\/\/gmv-lohr.de\/index.php\/wp-json\/wp\/v2\/comments?post=95"}],"version-history":[{"count":314,"href":"https:\/\/gmv-lohr.de\/index.php\/wp-json\/wp\/v2\/pages\/95\/revisions"}],"predecessor-version":[{"id":2519,"href":"https:\/\/gmv-lohr.de\/index.php\/wp-json\/wp\/v2\/pages\/95\/revisions\/2519"}],"wp:attachment":[{"href":"https:\/\/gmv-lohr.de\/index.php\/wp-json\/wp\/v2\/media?parent=95"}],"curies":[{"name":"wp","href":"https:\/\/api.w.org\/{rel}","templated":true}]}}